{"id":8,"date":"2022-02-03T12:48:29","date_gmt":"2022-02-03T11:48:29","guid":{"rendered":"http:\/\/sophro-praticien.fr\/?page_id=8"},"modified":"2024-02-23T14:21:54","modified_gmt":"2024-02-23T13:21:54","slug":"accueil","status":"publish","type":"page","link":"http:\/\/sophro-praticien.fr\/","title":{"rendered":"Accueil"},"content":{"rendered":"\n<div class=\"is-layout-flex wp-container-6 wp-block-columns\">\n<div class=\"is-layout-flow wp-block-column\" style=\"flex-basis:100%\">\n<div class=\"is-layout-constrained wp-block-group\"><div class=\"wp-block-group__inner-container\">\n<h2><font _mstmutation=\"1\" _msttexthash=\"309530\" _msthash=\"191\">En quelques mots &#8230;<\/font><font _mstmutation=\"1\"><\/font><\/h2>\n\n\n\n<div class=\"is-layout-flex wp-container-3 wp-block-columns\">\n<div class=\"is-layout-flow wp-block-column\" style=\"flex-basis:66.66%\">\n<p><strong>LA SOPHROLOGIE:<\/strong><\/p>\n\n\n\n<p class=\"has-text-align-left\"><font _mstmutation=\"1\" _msttexthash=\"1395991389\" _msthash=\"6625\"><strong>La sophrologie<\/strong> est une science qui \u00e9tudie la conscience de l\u2019individu. Elle s&rsquo;appuie sur une approche holistique, c&rsquo;est \u00e0 dire qu&rsquo;elle consid\u00e8re l&rsquo;individu dans sa globalit\u00e9, \u00e0 la fois sur le plan physique, mental et \u00e9motionnel. Elle s\u2019int\u00e9resse essentiellement \u00e0 son histoire de vie au cours de laquelle <strong>tensions<\/strong>, <strong>traumatismes<\/strong> et <strong>\u00e9motions<\/strong> fortes se sont inscrits dans sa structure corporelle jusqu\u2019\u00e0 influer sur son <strong>comportement<\/strong>. <br>La <strong>sophrologie<\/strong> aide au <strong>d\u00e9veloppement psycho-corporel<\/strong>. C\u2019est une pratique qui vise \u00e0 favoriser la <strong>d\u00e9tente physique et mentale<\/strong>. Elle permet d\u2019obtenir un m\u00eame \u00e9tat de bien \u00eatre que la relaxation ou la m\u00e9ditation mais utilise cet \u00e9tat pour initier des changements durables sur le comportement d\u2019une personne. La sophrologie allie des exercices respiratoires ainsi que des techniques de d\u00e9tente physique et mentale. Sa pratique est simple et peut \u00eatre r\u00e9alis\u00e9e en toute autonomie. <br>A but th\u00e9rapeutique, elle lib\u00e8re en douceur la personne de ses tensions, blocages ou troubles. Elle peut \u00e9galement \u00eatre abord\u00e9e comme une philosophie de vie, o\u00f9 m\u00e9ditation et relaxation permettront alors d\u2019affronter le quotidien avec s\u00e9r\u00e9nit\u00e9. <br>Quel qu\u2019en soit l\u2019objectif, th\u00e9rapeutique, pr\u00e9ventif ou p\u00e9dagogique, elle s\u2019adresse \u00e0 tous ceux qui souhaitent se sentir bien dans leur corps et dans leur vie. <br><font _mstmutation=\"1\" _msttexthash=\"6191133\" _msthash=\"2662\" _istranslated=\"1\"><strong _mstmutation=\"1\" _istranslated=\"1\"><em _istranslated=\"1\">\u00ab Quand le psychisme fait un saut dans<\/em> <em _istranslated=\"1\">l\u2019organisme \u00bb Freud<\/em><\/strong><\/font><\/font><\/p>\n\n\n\n<p><font _mstmutation=\"1\"><\/font><\/p>\n\n\n\n<p><font _mstmutation=\"1\"><\/font><\/p>\n<\/div>\n\n\n\n<div class=\"is-layout-flow wp-block-column\" style=\"flex-basis:33.33%\">\n<p><font _mstmutation=\"1\"><\/font><\/p>\n\n\n\n<p><font _mstmutation=\"1\"><\/font><\/p>\n\n\n\n<figure class=\"wp-block-image size-full is-resized is-style-rounded\"><img decoding=\"async\" loading=\"lazy\" src=\"http:\/\/sophro-praticien.fr\/wp-content\/uploads\/2023\/10\/image-3.png\" alt=\"\" class=\"wp-image-5127\" width=\"312\" height=\"175\" srcset=\"http:\/\/sophro-praticien.fr\/wp-content\/uploads\/2023\/10\/image-3.png 945w, http:\/\/sophro-praticien.fr\/wp-content\/uploads\/2023\/10\/image-3-300x169.png 300w, http:\/\/sophro-praticien.fr\/wp-content\/uploads\/2023\/10\/image-3-768x432.png 768w\" sizes=\"(max-width: 312px) 100vw, 312px\" \/><figcaption class=\"wp-element-caption\"><font _mstmutation=\"1\"><\/font><\/figcaption><\/figure>\n<\/div>\n<\/div>\n<\/div><\/div>\n<\/div>\n<\/div>\n\n\n\n<div class=\"is-layout-flex wp-container-9 wp-block-columns\">\n<div class=\"is-layout-flow wp-block-column\"><div class=\"wp-block-image is-style-rounded\">\n<figure class=\"alignright size-full is-resized\"><img decoding=\"async\" loading=\"lazy\" src=\"http:\/\/sophro-praticien.fr\/wp-content\/uploads\/2023\/10\/mains-lumiere-1-1.jpg\" alt=\"\" class=\"wp-image-5124\" width=\"222\" height=\"186\" srcset=\"http:\/\/sophro-praticien.fr\/wp-content\/uploads\/2023\/10\/mains-lumiere-1-1.jpg 940w, http:\/\/sophro-praticien.fr\/wp-content\/uploads\/2023\/10\/mains-lumiere-1-1-300x251.jpg 300w, http:\/\/sophro-praticien.fr\/wp-content\/uploads\/2023\/10\/mains-lumiere-1-1-768x644.jpg 768w\" sizes=\"(max-width: 222px) 100vw, 222px\" \/><figcaption class=\"wp-element-caption\"><font _mstmutation=\"1\"><\/font><\/figcaption><\/figure><\/div><\/div>\n\n\n\n<div class=\"is-layout-flow wp-block-column\"><div class=\"wp-block-image is-style-rounded\">\n<figure class=\"alignleft size-full is-resized\"><img decoding=\"async\" loading=\"lazy\" src=\"http:\/\/sophro-praticien.fr\/wp-content\/uploads\/2023\/10\/jasmineessentialoil.jpg\" alt=\"\" class=\"wp-image-5125\" width=\"251\" height=\"188\" srcset=\"http:\/\/sophro-praticien.fr\/wp-content\/uploads\/2023\/10\/jasmineessentialoil.jpg 700w, http:\/\/sophro-praticien.fr\/wp-content\/uploads\/2023\/10\/jasmineessentialoil-300x225.jpg 300w\" sizes=\"(max-width: 251px) 100vw, 251px\" \/><figcaption class=\"wp-element-caption\"><font _mstmutation=\"1\"><\/font><\/figcaption><\/figure><\/div><\/div>\n<\/div>\n\n\n\n<p><font _mstmutation=\"1\" _msttexthash=\"25344995\" _msthash=\"15531\">Toujours dans un esprit tourn\u00e9 vers le bien \u00eatre et le soin, j\u2019\u00e9largis mes prestations avec l\u2019Aromath\u00e9rapie et les Soins Energ\u00e9tiques.<\/font> <\/p>\n\n\n\n<ul>\n<li><font _mstmutation=\"1\" _msttexthash=\"27758588\" _msthash=\"15529\"><strong>Les huiles essentielles<\/strong>, sorte de concentr\u00e9 de l\u2019\u00e9nergie v\u00e9g\u00e9tale, aident le corps \u00e0 se d\u00e9fendre, \u00e0 se remettre en forme, \u00e0 s\u2019harmoniser.<\/font><\/li>\n\n\n\n<li><strong>Les soins \u00e9nerg\u00e9tiques<\/strong> \u00e0 l\u2019aide du Reiki et des bols Tib\u00e9tains, consistent \u00e0 \u00e9veiller en chacun de nous un processus dynamique de gu\u00e9rison en intervenant sur le champs vibratoire de la personne. <font _mstmutation=\"1\"><\/li>\n<\/ul>\n\n\n\n<p><font _mstmutation=\"1\"><\/font><\/p>\n\n\n\n<p><font _mstmutation=\"1\"><\/font><\/p>\n\n\n\n<p>La sophrologie, l\u2019aromath\u00e9rapie et les soins \u00e9nerg\u00e9tiques peuvent accompagner un traitement mais en aucun cas s\u2019y substituer.<font _mstmutation=\"1\"><\/font><\/p>\n\n\n\n<div class=\"is-layout-flex wp-container-10 wp-block-columns\"><\/div>\n\n\n\n<div class=\"is-layout-flex wp-container-12 wp-block-columns\">\n<div class=\"is-layout-flow wp-block-column\" style=\"flex-basis:66.66%\">\n<p><font _mstmutation=\"1\"><\/font><\/p>\n<\/div>\n<\/div>\n","protected":false},"excerpt":{"rendered":"<p>En quelques mots &#8230; LA SOPHROLOGIE: La sophrologie est une science qui \u00e9tudie la conscience de l\u2019individu. Elle s&rsquo;appuie sur une approche holistique, c&rsquo;est \u00e0 dire qu&rsquo;elle consid\u00e8re l&rsquo;individu dans sa globalit\u00e9, \u00e0 la fois sur le plan physique, mental et \u00e9motionnel. Elle s\u2019int\u00e9resse essentiellement \u00e0 son histoire de vie au cours de laquelle tensions, <a class=\"read-more\" href=\"http:\/\/sophro-praticien.fr\/\">READ MORE<\/a><\/p>\n","protected":false},"author":1,"featured_media":0,"parent":0,"menu_order":0,"comment_status":"closed","ping_status":"closed","template":"","meta":[],"_links":{"self":[{"href":"http:\/\/sophro-praticien.fr\/index.php\/wp-json\/wp\/v2\/pages\/8"}],"collection":[{"href":"http:\/\/sophro-praticien.fr\/index.php\/wp-json\/wp\/v2\/pages"}],"about":[{"href":"http:\/\/sophro-praticien.fr\/index.php\/wp-json\/wp\/v2\/types\/page"}],"author":[{"embeddable":true,"href":"http:\/\/sophro-praticien.fr\/index.php\/wp-json\/wp\/v2\/users\/1"}],"replies":[{"embeddable":true,"href":"http:\/\/sophro-praticien.fr\/index.php\/wp-json\/wp\/v2\/comments?post=8"}],"version-history":[{"count":43,"href":"http:\/\/sophro-praticien.fr\/index.php\/wp-json\/wp\/v2\/pages\/8\/revisions"}],"predecessor-version":[{"id":5324,"href":"http:\/\/sophro-praticien.fr\/index.php\/wp-json\/wp\/v2\/pages\/8\/revisions\/5324"}],"wp:attachment":[{"href":"http:\/\/sophro-praticien.fr\/index.php\/wp-json\/wp\/v2\/media?parent=8"}],"curies":[{"name":"wp","href":"https:\/\/api.w.org\/{rel}","templated":true}]}}