{"id":5193,"date":"2023-10-13T09:01:15","date_gmt":"2023-10-13T07:01:15","guid":{"rendered":"http:\/\/sophro-praticien.fr\/?page_id=5193"},"modified":"2025-01-10T15:22:05","modified_gmt":"2025-01-10T14:22:05","slug":"soins-energetiques","status":"publish","type":"page","link":"http:\/\/sophro-praticien.fr\/index.php\/soins-energetiques\/","title":{"rendered":"Soins Energ\u00e9tiques"},"content":{"rendered":"\n<p><font _mstmutation=\"1\"><strong>Le bol chantant<\/strong> (ou bol Tib\u00e9tain) permet un meilleur ancrage, dissout les blocages \u00e9nerg\u00e9tiques, diminue les tensions et permet de rel\u00e2cher plus facilement les muscles pour profiter d\u2019un moment de d\u00e9tente.<\/font><\/p>\n\n\n\n<p><font _mstmutation=\"1\"><\/font><\/p>\n\n\n\n<p><font _mstmutation=\"1\"><\/font><\/p>\n\n\n\n<p><a href=\"https:\/\/www.bing.com\/ck\/a?!&amp;&amp;p=6e55ea6669d8096dJmltdHM9MTY5NzE1NTIwMCZpZ3VpZD0yNDdkMjhhZS01ODRiLTZmNjAtMDFlNy0yNzAyNTk1ZDZlMWImaW5zaWQ9NTc2MA&amp;ptn=3&amp;hsh=3&amp;fclid=247d28ae-584b-6f60-01e7-2702595d6e1b&amp;psq=le+reiki+def&amp;u=a1aHR0cHM6Ly93d3cubWVkaXVtLXZveWFudC1tYXJ2eW4uY29tL3NvaW4tcmVpa2ktNi1wb2ludHMtY2wlQzMlQTlzLXBvdXItZW4tY29tcHJlbmRyZS1iaWVuZmFpdHMjOn46dGV4dD1MZSUyMFJlaWtpJTIwVXN1aSUyMGVzdCUyMGFwcGFydSUyMGF1&amp;ntb=1\" target=\"_blank\" rel=\"noreferrer noopener\"><\/a><\/p>\n\n\n\n<p>Le <strong _istranslated=\"1\">Reiki<\/strong> Usui signifie \u00ab&nbsp;<strong _istranslated=\"1\">\u00e9nergie de vie universelle<\/strong>, d\u00e9velopp\u00e9e par Mikao <strong>Usui<\/strong> \u00e0 la fin du 19\u00e8me si\u00e8cle, c\u2019est une approche holistique d\u2019origine japonaise consistant \u00e0 <strong>\u00e9quilibrer les \u00e9nergies<\/strong> de la personne. Il enl\u00e8ve les exc\u00e8s, comble les manques, et contribue \u00e0 dissoudre les blocages et les \u00e9nergies dites \u00ab\u00a0n\u00e9gatives\u00a0\u00bb. Le Reiki consiste \u00e0 \u00e9veiller en chacun de nous un processus dynamique de gu\u00e9rison en intervenant sur le champ vibratoire de la personne. Le praticien appose ses mains sur diff\u00e9rentes parties du corps pour transf\u00e9rer l&rsquo;\u00e9nergie et la laisser circuler vers les zones du corps qui en ont le plus besoin.<a rel=\"noreferrer noopener\" href=\"https:\/\/www.bing.com\/ck\/a?!&amp;&amp;p=6e55ea6669d8096dJmltdHM9MTY5NzE1NTIwMCZpZ3VpZD0yNDdkMjhhZS01ODRiLTZmNjAtMDFlNy0yNzAyNTk1ZDZlMWImaW5zaWQ9NTc2MA&amp;ptn=3&amp;hsh=3&amp;fclid=247d28ae-584b-6f60-01e7-2702595d6e1b&amp;psq=le+reiki+def&amp;u=a1aHR0cHM6Ly93d3cubWVkaXVtLXZveWFudC1tYXJ2eW4uY29tL3NvaW4tcmVpa2ktNi1wb2ludHMtY2wlQzMlQTlzLXBvdXItZW4tY29tcHJlbmRyZS1iaWVuZmFpdHMjOn46dGV4dD1MZSUyMFJlaWtpJTIwVXN1aSUyMGVzdCUyMGFwcGFydSUyMGF1&amp;ntb=1\" target=\"_blank\"><\/a><\/p>\n\n\n\n<div class=\"is-layout-flex wp-container-3 wp-block-columns\">\n<div class=\"is-layout-flow wp-block-column\"><div class=\"wp-block-image is-style-rounded\">\n<figure class=\"aligncenter size-full is-resized\"><img decoding=\"async\" loading=\"lazy\" src=\"http:\/\/sophro-praticien.fr\/wp-content\/uploads\/2023\/10\/mains-lumiere-1-1.jpg\" alt=\"\" class=\"wp-image-5124\" width=\"232\" height=\"194\" srcset=\"http:\/\/sophro-praticien.fr\/wp-content\/uploads\/2023\/10\/mains-lumiere-1-1.jpg 940w, http:\/\/sophro-praticien.fr\/wp-content\/uploads\/2023\/10\/mains-lumiere-1-1-300x251.jpg 300w, http:\/\/sophro-praticien.fr\/wp-content\/uploads\/2023\/10\/mains-lumiere-1-1-768x644.jpg 768w\" sizes=\"(max-width: 232px) 100vw, 232px\" \/><figcaption class=\"wp-element-caption\"><font _mstmutation=\"1\"><\/font><\/figcaption><\/figure><\/div><\/div>\n\n\n\n<div class=\"is-layout-flow wp-block-column\"><div class=\"wp-block-image is-style-rounded\">\n<figure class=\"aligncenter size-full is-resized\"><img decoding=\"async\" loading=\"lazy\" src=\"http:\/\/sophro-praticien.fr\/wp-content\/uploads\/2023\/10\/R.png\" alt=\"\" class=\"wp-image-5201\" width=\"324\" height=\"181\" srcset=\"http:\/\/sophro-praticien.fr\/wp-content\/uploads\/2023\/10\/R.png 1024w, http:\/\/sophro-praticien.fr\/wp-content\/uploads\/2023\/10\/R-300x169.png 300w, http:\/\/sophro-praticien.fr\/wp-content\/uploads\/2023\/10\/R-768x432.png 768w\" sizes=\"(max-width: 324px) 100vw, 324px\" \/><figcaption class=\"wp-element-caption\"><font _mstmutation=\"1\"><\/font><\/figcaption><\/figure><\/div><\/div>\n<\/div>\n\n\n\n<p><\/p>\n\n\n\n<p><strong>Le d\u00e9roulement de la s\u00e9ance<\/strong><\/p>\n\n\n\n<ul>\n<li>Une s\u00e9ance de Reiki dure environ 1h \u00e0 1h30.<\/li>\n\n\n\n<li>Un temps de parole est pr\u00e9vue avant et apr\u00e8s le soin.<\/li>\n\n\n\n<li>La personne qui re\u00e7oit le soin reste habill\u00e9e et s\u2019allonge confortablement sur une table de massage<\/li>\n\n\n\n<li>Il est conseill\u00e9 \u00e9galement de fermer les yeux afin de mieux ressentir la circulation de l\u2019\u00e9nergie et favoriser l\u2019\u00e9tat de d\u00e9tente.<\/li>\n\n\n\n<li>Le praticien pose ses mains bien au-dessus du corps \u00e0 quelques centim\u00e8tres<\/li>\n\n\n\n<li>Pendant la s\u00e9ance de la chaleur, du froid, des picotements ou d\u2019autres sensations peuvent \u00eatre ressentis<\/li>\n\n\n\n<li>Peu \u00e0 peu la d\u00e9tente et le bien \u00eatre s\u2019installent; dans un \u00e9tat de profonde relaxation les bienfaits du Reiki se poursuivent au-del\u00e0 de la s\u00e9ance.<\/li>\n<\/ul>\n\n\n\n<p><\/p>\n\n\n\n<p><\/p>\n\n\n\n<h6><strong>Mes prestations\u00a0:<\/strong><\/h6>\n\n\n\n<p>&nbsp;S\u00e9ance individuelle au cabinet&nbsp;:<\/p>\n\n\n\n<ul>\n<li>S\u00e9ance adulte&nbsp;: 45\u20ac<\/li>\n\n\n\n<li>S\u00e9ance enfant*&nbsp;: 35\u20ac<font _mstmutation=\"1\"><font _mstmutation=\"1\"><\/font><\/font><\/li>\n<\/ul>\n\n\n\n<p><font _mstmutation=\"1\">*Enfant de 7 \u00e0 15 ans inclus<\/font><\/p>\n\n\n\n<p><font _mstmutation=\"1\"><em _msttexthash=\"1823484\" _msthash=\"239\">Le Reiki ne se substitue pas \u00e0 un traitement m\u00e9dical.<\/em><\/font><\/p>\n","protected":false},"excerpt":{"rendered":"<p>Le bol chantant (ou bol Tib\u00e9tain) permet un meilleur ancrage, dissout les blocages \u00e9nerg\u00e9tiques, diminue les tensions et permet de rel\u00e2cher plus facilement les muscles pour profiter d\u2019un moment de d\u00e9tente. Le Reiki Usui signifie \u00ab&nbsp;\u00e9nergie de vie universelle, d\u00e9velopp\u00e9e par Mikao Usui \u00e0 la fin du 19\u00e8me si\u00e8cle, c\u2019est une approche holistique d\u2019origine japonaise <a class=\"read-more\" href=\"http:\/\/sophro-praticien.fr\/index.php\/soins-energetiques\/\">READ MORE<\/a><\/p>\n","protected":false},"author":1,"featured_media":0,"parent":0,"menu_order":0,"comment_status":"closed","ping_status":"closed","template":"","meta":[],"_links":{"self":[{"href":"http:\/\/sophro-praticien.fr\/index.php\/wp-json\/wp\/v2\/pages\/5193"}],"collection":[{"href":"http:\/\/sophro-praticien.fr\/index.php\/wp-json\/wp\/v2\/pages"}],"about":[{"href":"http:\/\/sophro-praticien.fr\/index.php\/wp-json\/wp\/v2\/types\/page"}],"author":[{"embeddable":true,"href":"http:\/\/sophro-praticien.fr\/index.php\/wp-json\/wp\/v2\/users\/1"}],"replies":[{"embeddable":true,"href":"http:\/\/sophro-praticien.fr\/index.php\/wp-json\/wp\/v2\/comments?post=5193"}],"version-history":[{"count":19,"href":"http:\/\/sophro-praticien.fr\/index.php\/wp-json\/wp\/v2\/pages\/5193\/revisions"}],"predecessor-version":[{"id":5375,"href":"http:\/\/sophro-praticien.fr\/index.php\/wp-json\/wp\/v2\/pages\/5193\/revisions\/5375"}],"wp:attachment":[{"href":"http:\/\/sophro-praticien.fr\/index.php\/wp-json\/wp\/v2\/media?parent=5193"}],"curies":[{"name":"wp","href":"https:\/\/api.w.org\/{rel}","templated":true}]}}