{"id":37,"date":"2022-02-07T14:52:10","date_gmt":"2022-02-07T13:52:10","guid":{"rendered":"http:\/\/sophro-praticien.fr\/?page_id=37"},"modified":"2025-01-10T14:52:38","modified_gmt":"2025-01-10T13:52:38","slug":"le-cabinet","status":"publish","type":"page","link":"http:\/\/sophro-praticien.fr\/index.php\/le-cabinet\/","title":{"rendered":"Le cabinet"},"content":{"rendered":"\n<h6 class=\"has-medium-font-size\" id=\"votre-lieu-d-ecoute-et-de-travail\" style=\"font-style:normal;font-weight:700\"><strong _msttexthash=\"2684669\" _msthash=\"118\">Votre lieu d\u2019\u00e9coute et de travail&#8230;<\/strong><\/h6>\n\n\n\n<p class=\"has-medium-font-size\"><font _mstmutation=\"1\" _msttexthash=\"24803181\" _msthash=\"5204\">Je vous accueille dans un espace d\u00e9di\u00e9 \u00e0 l\u2019\u00e9coute et \u00e0 la d\u00e9tente, qui vous permettra d\u2019aborder vos s\u00e9ances de travail en toute<\/font> <font _mstmutation=\"1\" _msttexthash=\"338416\" _msthash=\"5205\">confidentialit\u00e9.<\/font><\/p>\n\n\n\n<div class=\"is-layout-constrained wp-block-group\" style=\"padding-top:0;padding-right:0;padding-bottom:0;padding-left:0\"><div class=\"wp-block-group__inner-container\">\n<div class=\"is-layout-flex wp-container-6 wp-block-columns are-vertically-aligned-top has-small-font-size\">\n<div class=\"is-layout-flow wp-block-column is-vertically-aligned-top has-small-font-size\" style=\"padding-top:0;padding-right:0;padding-bottom:0;padding-left:0;flex-basis:80%\">\n<div class=\"is-layout-flex wp-container-4 wp-block-columns\">\n<div class=\"is-layout-flow wp-block-column has-small-font-size\" style=\"padding-top:0;padding-right:0;padding-bottom:0;padding-left:0;flex-basis:150%\">\n<figure class=\"is-layout-flex wp-block-gallery-1 wp-block-gallery has-nested-images columns-default is-cropped\">\n<figure class=\"wp-block-image size-full is-style-rounded\"><img decoding=\"async\" loading=\"lazy\" width=\"1928\" height=\"2560\" src=\"http:\/\/sophro-praticien.fr\/wp-content\/uploads\/2025\/01\/1000016214-scaled.jpg\" alt=\"\" class=\"wp-image-5358\" srcset=\"http:\/\/sophro-praticien.fr\/wp-content\/uploads\/2025\/01\/1000016214-scaled.jpg 1928w, http:\/\/sophro-praticien.fr\/wp-content\/uploads\/2025\/01\/1000016214-226x300.jpg 226w, http:\/\/sophro-praticien.fr\/wp-content\/uploads\/2025\/01\/1000016214-771x1024.jpg 771w, http:\/\/sophro-praticien.fr\/wp-content\/uploads\/2025\/01\/1000016214-768x1020.jpg 768w, http:\/\/sophro-praticien.fr\/wp-content\/uploads\/2025\/01\/1000016214-1157x1536.jpg 1157w, http:\/\/sophro-praticien.fr\/wp-content\/uploads\/2025\/01\/1000016214-1542x2048.jpg 1542w\" sizes=\"(max-width: 1928px) 100vw, 1928px\" \/><\/figure>\n\n\n\n<figure class=\"wp-block-image size-full is-style-rounded\"><img decoding=\"async\" loading=\"lazy\" width=\"1622\" height=\"1854\" src=\"http:\/\/sophro-praticien.fr\/wp-content\/uploads\/2025\/01\/diff.jpg\" alt=\"\" class=\"wp-image-5362\" srcset=\"http:\/\/sophro-praticien.fr\/wp-content\/uploads\/2025\/01\/diff.jpg 1622w, http:\/\/sophro-praticien.fr\/wp-content\/uploads\/2025\/01\/diff-262x300.jpg 262w, http:\/\/sophro-praticien.fr\/wp-content\/uploads\/2025\/01\/diff-896x1024.jpg 896w, http:\/\/sophro-praticien.fr\/wp-content\/uploads\/2025\/01\/diff-768x878.jpg 768w, http:\/\/sophro-praticien.fr\/wp-content\/uploads\/2025\/01\/diff-1344x1536.jpg 1344w\" sizes=\"(max-width: 1622px) 100vw, 1622px\" \/><\/figure>\n\n\n\n<figure class=\"wp-block-image size-full is-style-rounded\"><img decoding=\"async\" loading=\"lazy\" width=\"2560\" height=\"2009\" src=\"http:\/\/sophro-praticien.fr\/wp-content\/uploads\/2025\/01\/1000016229-scaled.jpg\" alt=\"\" class=\"wp-image-5359\" srcset=\"http:\/\/sophro-praticien.fr\/wp-content\/uploads\/2025\/01\/1000016229-scaled.jpg 2560w, http:\/\/sophro-praticien.fr\/wp-content\/uploads\/2025\/01\/1000016229-300x235.jpg 300w, http:\/\/sophro-praticien.fr\/wp-content\/uploads\/2025\/01\/1000016229-1024x803.jpg 1024w, http:\/\/sophro-praticien.fr\/wp-content\/uploads\/2025\/01\/1000016229-768x603.jpg 768w, http:\/\/sophro-praticien.fr\/wp-content\/uploads\/2025\/01\/1000016229-1536x1205.jpg 1536w, http:\/\/sophro-praticien.fr\/wp-content\/uploads\/2025\/01\/1000016229-2048x1607.jpg 2048w\" sizes=\"(max-width: 2560px) 100vw, 2560px\" \/><\/figure>\n<\/figure>\n<\/div>\n<\/div>\n<\/div>\n<\/div>\n<\/div><\/div>\n","protected":false},"excerpt":{"rendered":"<p>Votre lieu d\u2019\u00e9coute et de travail&#8230; Je vous accueille dans un espace d\u00e9di\u00e9 \u00e0 l\u2019\u00e9coute et \u00e0 la d\u00e9tente, qui vous permettra d\u2019aborder vos s\u00e9ances de travail en toute confidentialit\u00e9.<\/p>\n","protected":false},"author":1,"featured_media":0,"parent":0,"menu_order":0,"comment_status":"closed","ping_status":"closed","template":"","meta":[],"_links":{"self":[{"href":"http:\/\/sophro-praticien.fr\/index.php\/wp-json\/wp\/v2\/pages\/37"}],"collection":[{"href":"http:\/\/sophro-praticien.fr\/index.php\/wp-json\/wp\/v2\/pages"}],"about":[{"href":"http:\/\/sophro-praticien.fr\/index.php\/wp-json\/wp\/v2\/types\/page"}],"author":[{"embeddable":true,"href":"http:\/\/sophro-praticien.fr\/index.php\/wp-json\/wp\/v2\/users\/1"}],"replies":[{"embeddable":true,"href":"http:\/\/sophro-praticien.fr\/index.php\/wp-json\/wp\/v2\/comments?post=37"}],"version-history":[{"count":51,"href":"http:\/\/sophro-praticien.fr\/index.php\/wp-json\/wp\/v2\/pages\/37\/revisions"}],"predecessor-version":[{"id":5363,"href":"http:\/\/sophro-praticien.fr\/index.php\/wp-json\/wp\/v2\/pages\/37\/revisions\/5363"}],"wp:attachment":[{"href":"http:\/\/sophro-praticien.fr\/index.php\/wp-json\/wp\/v2\/media?parent=37"}],"curies":[{"name":"wp","href":"https:\/\/api.w.org\/{rel}","templated":true}]}}