{"id":133,"date":"2022-02-14T09:06:28","date_gmt":"2022-02-14T08:06:28","guid":{"rendered":"http:\/\/sophro-praticien.fr\/?page_id=133"},"modified":"2025-01-10T15:10:26","modified_gmt":"2025-01-10T14:10:26","slug":"aromatherapie","status":"publish","type":"page","link":"http:\/\/sophro-praticien.fr\/index.php\/aromatherapie\/","title":{"rendered":"Aromath\u00e9rapie"},"content":{"rendered":"\n<div class=\"is-layout-flow wp-block-column is-vertically-aligned-top\" style=\"flex-basis:33.33%\">\n<div class=\"is-layout-flex wp-container-5 wp-block-columns\">\n<div class=\"is-layout-flow wp-block-column\">\n<div class=\"is-layout-flex wp-container-3 wp-block-columns\">\n<div class=\"is-layout-flow wp-block-column\" style=\"flex-basis:66.66%\">\n<p><font _mstmutation=\"1\" _msttexthash=\"411391877\" _msthash=\"1749\"><font _mstmutation=\"1\" _msttexthash=\"545956060\" _msthash=\"2066\"><strong>L\u2019Aromath\u00e9rapie<\/strong> est l\u2019utilisation des huiles essentielles dans un but pr\u00e9ventif, curatif ou de mieux-\u00eatre. <\/font><\/font><\/p>\n\n\n\n<p><font _mstmutation=\"1\" _msttexthash=\"411391877\" _msthash=\"1749\"><font _mstmutation=\"1\" _msttexthash=\"545956060\" _msthash=\"2066\"><strong>Les huiles essentielles<\/strong><font _mstmutation=\"1\" _msttexthash=\"406060499\" _msthash=\"237\"> sont un concentr\u00e9 de mol\u00e9cules volatiles actives issues de plantes aromatiques. Elles sont obtenues par un proc\u00e9d\u00e9 de distillation par entra\u00eenement \u00e0 la vapeur d\u2019eau ou par expression \u00e0 froid. Elles poss\u00e8dent de nombreuses propri\u00e9t\u00e9s, elles sont tr\u00e8s puissantes et cette puissance nous invite \u00e0 les utiliser avec pr\u00e9cautions. L\u2019utilisation des huiles essentielles doit prendre en compte TOUS les \u00e9l\u00e9ments de mise en \u0153uvre : l\u2019huile essentielle elle-m\u00eame, la quantit\u00e9 utilis\u00e9e, la personne, la zone d\u2019application, la surface d\u2019application, le rythme et la dur\u00e9e d\u2019application.<\/font><font _mstmutation=\"1\" _msttexthash=\"296292113\" _msthash=\"238\"> <\/font><\/font><\/font><\/p>\n\n\n\n<p><strong>L\u2019aromath\u00e9rapie<\/strong> ne se substitue pas \u00e0 un traitement m\u00e9dical. Dans le cas de sympt\u00f4mes persistants, de pathologie grave ou chronique, il convient de consulter un m\u00e9decin qui est le seul professionnel habilit\u00e9 \u00e0 \u00e9tablir un diagnostic complet.<\/p>\n\n\n\n<p><span style=\"font-size: 11.0pt; font-family: 'Calibri',sans-serif; mso-ascii-theme-font: minor-latin; mso-hansi-theme-font: minor-latin; mso-bidi-theme-font: minor-latin;\"><font _mstmutation=\"1\" _msttexthash=\"231181522\" _msthash=\"996\"><br><\/font><\/span><\/p>\n\n\n\n<p>Je vous propose de vous initier \u00e0 l\u2019aromath\u00e9rapie lors de mes ateliers pour \u00e9laborer vos recettes en toute s\u00e9curit\u00e9.<\/p>\n\n\n\n<p>A suivre sur \u00a0<a href=\"https:\/\/www.facebook.com\/profile.php?id=100063816812197\">https:\/\/www.facebook.com\/profile.php?id=100063816812197<\/a><\/p>\n\n\n\n<p><\/p>\n\n\n\n<p><\/p>\n\n\n\n<p><em>L\u2019Aromath\u00e9rapie ne se substitue pas \u00e0 un traitement m\u00e9dical<\/em><font _mstmutation=\"1\"><\/p>\n<\/div>\n\n\n\n<div class=\"is-layout-flow wp-block-column\" style=\"flex-basis:33.33%\">\n<figure class=\"wp-block-image size-full is-resized is-style-rounded\"><img decoding=\"async\" loading=\"lazy\" src=\"http:\/\/sophro-praticien.fr\/wp-content\/uploads\/2022\/02\/jasmineessentialoil-4.jpg\" alt=\"\" class=\"wp-image-174\" width=\"350\" height=\"263\" srcset=\"http:\/\/sophro-praticien.fr\/wp-content\/uploads\/2022\/02\/jasmineessentialoil-4.jpg 700w, http:\/\/sophro-praticien.fr\/wp-content\/uploads\/2022\/02\/jasmineessentialoil-4-300x225.jpg 300w\" sizes=\"(max-width: 350px) 100vw, 350px\" \/><figcaption class=\"wp-element-caption\"><font _mstmutation=\"1\"><\/font><\/figcaption><\/figure>\n<\/div>\n<\/div>\n<\/div>\n<\/div>\n<\/div>\n\n\n\n<p><font _mstmutation=\"1\"><\/p>\n","protected":false},"excerpt":{"rendered":"<p>L\u2019Aromath\u00e9rapie est l\u2019utilisation des huiles essentielles dans un but pr\u00e9ventif, curatif ou de mieux-\u00eatre. Les huiles essentielles sont un concentr\u00e9 de mol\u00e9cules volatiles actives issues de plantes aromatiques. Elles sont obtenues par un proc\u00e9d\u00e9 de distillation par entra\u00eenement \u00e0 la vapeur d\u2019eau ou par expression \u00e0 froid. Elles poss\u00e8dent de nombreuses propri\u00e9t\u00e9s, elles sont tr\u00e8s <a class=\"read-more\" href=\"http:\/\/sophro-praticien.fr\/index.php\/aromatherapie\/\">READ MORE<\/a><\/p>\n","protected":false},"author":1,"featured_media":0,"parent":0,"menu_order":0,"comment_status":"closed","ping_status":"closed","template":"","meta":[],"_links":{"self":[{"href":"http:\/\/sophro-praticien.fr\/index.php\/wp-json\/wp\/v2\/pages\/133"}],"collection":[{"href":"http:\/\/sophro-praticien.fr\/index.php\/wp-json\/wp\/v2\/pages"}],"about":[{"href":"http:\/\/sophro-praticien.fr\/index.php\/wp-json\/wp\/v2\/types\/page"}],"author":[{"embeddable":true,"href":"http:\/\/sophro-praticien.fr\/index.php\/wp-json\/wp\/v2\/users\/1"}],"replies":[{"embeddable":true,"href":"http:\/\/sophro-praticien.fr\/index.php\/wp-json\/wp\/v2\/comments?post=133"}],"version-history":[{"count":49,"href":"http:\/\/sophro-praticien.fr\/index.php\/wp-json\/wp\/v2\/pages\/133\/revisions"}],"predecessor-version":[{"id":5366,"href":"http:\/\/sophro-praticien.fr\/index.php\/wp-json\/wp\/v2\/pages\/133\/revisions\/5366"}],"wp:attachment":[{"href":"http:\/\/sophro-praticien.fr\/index.php\/wp-json\/wp\/v2\/media?parent=133"}],"curies":[{"name":"wp","href":"https:\/\/api.w.org\/{rel}","templated":true}]}}